{"id":27,"date":"2025-08-28T19:31:56","date_gmt":"2025-08-28T17:31:56","guid":{"rendered":"https:\/\/ecodesign-ag.ch\/ecodesign\/wordpress\/?page_id=27"},"modified":"2026-02-20T10:01:46","modified_gmt":"2026-02-20T09:01:46","slug":"wohnungen","status":"publish","type":"page","link":"https:\/\/ecodesign-ag.ch\/ecodesign\/wordpress\/?page_id=27","title":{"rendered":"Wohnungsangebot"},"content":{"rendered":"\n<h2 class=\"wp-block-heading has-text-align-center\">Ein Zuhause, das Ihren Lebensstil widerspiegelt<\/h2>\n\n\n\n<p>Entdecken Sie Wohnungen, die sich Ihrem Lebensstil anpassen \u2013 vom Erdgeschoss mit privatem Garten \u00fcber helle Obergeschosswohnungen bis zu Attika-Wohnungen mit besonderem Flair. Durchdachte Grundrisse, hochwertige Ausstattung und grossz\u00fcgige Aussenbereiche verbinden Komfort, Stil und Lebensqualit\u00e4t zu einem Zuhause zum Wohlf\u00fchlen.<\/p>\n\n\n\n<div style=\"height:40px\" aria-hidden=\"true\" class=\"wp-block-spacer\"><\/div>\n\n\n\n<div class=\"wp-block-group alignwide has-global-padding is-layout-constrained wp-container-core-group-is-layout-82abba0f wp-block-group-is-layout-constrained\" style=\"margin-top:0;margin-bottom:0;padding-top:var(--wp--preset--spacing--40);padding-right:var(--wp--preset--spacing--50);padding-bottom:var(--wp--preset--spacing--40);padding-left:var(--wp--preset--spacing--50)\">\n<div class=\"wp-block-columns alignwide is-layout-flex wp-container-core-columns-is-layout-ff4b9c61 wp-block-columns-is-layout-flex\" style=\"margin-top:0;margin-bottom:0\">\n<div class=\"wp-block-column is-layout-flow wp-container-core-column-is-layout-8a368f38 wp-block-column-is-layout-flow\">\n<h2 class=\"wp-block-heading\"><strong>Erdgeschosswohnungen mit privater Gartenfl\u00e4che<\/strong><\/h2>\n\n\n\n<div style=\"height:40px\" aria-hidden=\"true\" class=\"wp-block-spacer\"><\/div>\n\n\n\n<p>Im Erdgeschoss befinden sich zwei stilvolle Wohnungen mit <strong>3.5 Zimmern (123 m\u00b2)<\/strong> und <strong>4.5 Zimmern (146 m\u00b2)<\/strong>. Grossz\u00fcgige Grundrisse, moderne K\u00fcchen und bodentiefe Panoramafenster sorgen f\u00fcr ein helles, offenes Wohngef\u00fchl. <strong>Ankleideraum <\/strong>und <strong>Reduit <\/strong>bieten praktischen Stauraum, w\u00e4hrend <strong>gedeckte Sitzpl\u00e4tze<\/strong> und <strong>private G\u00e4rten<\/strong> <strong>(151 m\u00b2<\/strong> und <strong>259 m\u00b2) <\/strong>Raum f\u00fcr Erholung und Genuss schaffen.<\/p>\n\n\n\n<div style=\"height:40px\" aria-hidden=\"true\" class=\"wp-block-spacer\"><\/div>\n<\/div>\n<\/div>\n\n\n\n<div class=\"wp-block-buttons has-custom-font-size has-medium-font-size is-horizontal is-content-justification-center is-layout-flex wp-container-core-buttons-is-layout-ef5ce59c wp-block-buttons-is-layout-flex\">\n<div class=\"wp-block-button\"><a class=\"wp-block-button__link wp-element-button\" href=\"https:\/\/ecodesign-ag.ch\/ecodesign\/wordpress\/wp-content\/uploads\/2025\/12\/20251229_Grundrisse-Wohnung-E-2-V2.3.pdf\" target=\"_blank\" rel=\"noreferrer noopener\">EG &#8211; 3.5 Zimmer Wohnung mit 123 m\u00b2<\/a><\/div>\n\n\n\n<div class=\"wp-block-button\"><a class=\"wp-block-button__link wp-element-button\" href=\"https:\/\/ecodesign-ag.ch\/ecodesign\/wordpress\/wp-content\/uploads\/2025\/12\/20251229_Grundrisse-Wohnung-E-1-V2.3.pdf\" target=\"_blank\" rel=\"noreferrer noopener\">EG &#8211; 4.5 Zimmer Wohnung mit 146 m\u00b2<\/a><\/div>\n<\/div>\n<\/div>\n\n\n\n<div class=\"wp-block-group alignwide has-global-padding is-layout-constrained wp-container-core-group-is-layout-82abba0f wp-block-group-is-layout-constrained\" style=\"margin-top:0;margin-bottom:0;padding-top:var(--wp--preset--spacing--40);padding-right:var(--wp--preset--spacing--50);padding-bottom:var(--wp--preset--spacing--40);padding-left:var(--wp--preset--spacing--50)\">\n<div class=\"wp-block-columns alignwide is-layout-flex wp-container-core-columns-is-layout-ff4b9c61 wp-block-columns-is-layout-flex\" style=\"margin-top:0;margin-bottom:0\">\n<div class=\"wp-block-column is-layout-flow wp-container-core-column-is-layout-8a368f38 wp-block-column-is-layout-flow\">\n<h2 class=\"wp-block-heading\"><strong>Obergeschosswohnungen mit grossz\u00fcgigem Wohnraum<\/strong><\/h2>\n\n\n\n<div style=\"height:40px\" aria-hidden=\"true\" class=\"wp-block-spacer\"><\/div>\n\n\n\n<p>Im Obergeschoss befinden sich zwei stilvolle Wohnungen mit <strong>3.5 Zimmern (128 m\u00b2)<\/strong> und <strong>4.5 Zimmern (151 m\u00b2)<\/strong>. Grossz\u00fcgige Grundrisse, moderne Ausstattung und offene K\u00fcchen schaffen ein helles, komfortables Wohnambiente. <strong>Zwei Badezimmer<\/strong>, <strong>Ankleideraum <\/strong>und <strong>Reduit<\/strong> bieten praktischen Stauraum. <strong>Gedeckte Balkone<\/strong> erweitern den Wohnraum nach aussen und laden zum Entspannen und Geniessen ein.<\/p>\n\n\n\n<div style=\"height:40px\" aria-hidden=\"true\" class=\"wp-block-spacer\"><\/div>\n<\/div>\n<\/div>\n\n\n\n<div class=\"wp-block-buttons has-custom-font-size has-medium-font-size is-horizontal is-content-justification-center is-layout-flex wp-container-core-buttons-is-layout-ef5ce59c wp-block-buttons-is-layout-flex\">\n<div class=\"wp-block-button\"><a class=\"wp-block-button__link wp-element-button\" href=\"https:\/\/ecodesign-ag.ch\/ecodesign\/wordpress\/wp-content\/uploads\/2025\/12\/20251229_Grundrisse-Wohnung-O-2-V2.3.pdf\" target=\"_blank\" rel=\"noreferrer noopener\">OG &#8211; 3.5 Zimmer Wohnung mit 128 m\u00b2<\/a><\/div>\n\n\n\n<div class=\"wp-block-button\"><a class=\"wp-block-button__link wp-element-button\" href=\"https:\/\/ecodesign-ag.ch\/ecodesign\/wordpress\/wp-content\/uploads\/2025\/12\/20251229_Grundrisse-Wohnung-O-1-V2.3.pdf\" target=\"_blank\" rel=\"noreferrer noopener\">OG &#8211; 4.5 Zimmer Wohnung mit 151 m\u00b2<\/a><\/div>\n<\/div>\n<\/div>\n\n\n\n<div class=\"wp-block-group alignwide has-global-padding is-layout-constrained wp-container-core-group-is-layout-82abba0f wp-block-group-is-layout-constrained\" style=\"margin-top:0;margin-bottom:0;padding-top:var(--wp--preset--spacing--40);padding-right:var(--wp--preset--spacing--50);padding-bottom:var(--wp--preset--spacing--40);padding-left:var(--wp--preset--spacing--50)\">\n<div class=\"wp-block-columns alignwide is-layout-flex wp-container-core-columns-is-layout-ff4b9c61 wp-block-columns-is-layout-flex\" style=\"margin-top:0;margin-bottom:0\">\n<div class=\"wp-block-column is-layout-flow wp-container-core-column-is-layout-8a368f38 wp-block-column-is-layout-flow\">\n<h2 class=\"wp-block-heading\"><strong>Attika-Dachgeschosswohnungen mit Seeblick &#8211; Pergola &#8211; Chemin\u00e9e-Ofen<\/strong><\/h2>\n\n\n\n<div style=\"height:40px\" aria-hidden=\"true\" class=\"wp-block-spacer\"><\/div>\n\n\n\n<p>Die Attika-Dachgeschosswohnungen bieten zwei exklusive <strong>3.5-Zimmer<\/strong>-Wohnungen mit <strong>111 m\u00b2<\/strong> und <strong>121 m\u00b2<\/strong> Wohnfl\u00e4che sowie <strong>grossz\u00fcgigen Dachterrassen<\/strong> <strong>(44 m\u00b2 und 49 m\u00b2)<\/strong> mit <strong>Seesicht<\/strong>. Hohe R\u00e4ume mit <strong>Gauben<\/strong>, offene Wohnk\u00fcchen und der direkte Zugang zum Aussenbereich schaffen ein lichtdurchflutetes Wohnambiente. <strong>Zwei Badezimmer<\/strong>, ein elegant integriertes <strong>Reduit<\/strong>, ein <strong>Chemin\u00e9e-Ofen<\/strong> und eine <strong>Pergola <\/strong>runden das exklusive Wohnangebot ab.<\/p>\n\n\n\n<div style=\"height:40px\" aria-hidden=\"true\" class=\"wp-block-spacer\"><\/div>\n<\/div>\n<\/div>\n\n\n\n<div class=\"wp-block-buttons has-custom-font-size has-medium-font-size is-horizontal is-content-justification-center is-layout-flex wp-container-core-buttons-is-layout-ef5ce59c wp-block-buttons-is-layout-flex\">\n<div class=\"wp-block-button is-style-fill\"><a class=\"wp-block-button__link wp-element-button\" href=\"https:\/\/ecodesign-ag.ch\/ecodesign\/wordpress\/wp-content\/uploads\/2026\/01\/202512129_Grundrisse-Wohnung-D-2-V2.3-1.pdf\" target=\"_blank\" rel=\"noreferrer noopener\">Attika &#8211; 3.5 Zimmer Wohnung mit 111 m\u00b2<\/a><\/div>\n\n\n\n<div class=\"wp-block-button\"><a class=\"wp-block-button__link wp-element-button\" href=\"https:\/\/ecodesign-ag.ch\/ecodesign\/wordpress\/wp-content\/uploads\/2025\/12\/202512129_Grundrisse-Wohnung-D-1-V2.3.pdf\" target=\"_blank\" rel=\"noreferrer noopener\">Attika &#8211; 3.5 Zimmer Wohnung mit 121 m\u00b2<\/a><\/div>\n<\/div>\n<\/div>\n\n\n\n<div class=\"wp-block-group alignwide has-global-padding is-layout-constrained wp-container-core-group-is-layout-82abba0f wp-block-group-is-layout-constrained\" style=\"margin-top:0;margin-bottom:0;padding-top:var(--wp--preset--spacing--40);padding-right:var(--wp--preset--spacing--50);padding-bottom:var(--wp--preset--spacing--40);padding-left:var(--wp--preset--spacing--50)\">\n<div class=\"wp-block-columns alignwide is-layout-flex wp-container-core-columns-is-layout-ff4b9c61 wp-block-columns-is-layout-flex\" style=\"margin-top:0;margin-bottom:0\">\n<div class=\"wp-block-column is-layout-flow wp-container-core-column-is-layout-8a368f38 wp-block-column-is-layout-flow\">\n<h2 class=\"wp-block-heading\"><strong>Untergeschoss mit Parkpl\u00e4tzen &#8211; Kellerr\u00e4ume &#8211; Hobbyraum<\/strong><\/h2>\n\n\n\n<div style=\"height:40px\" aria-hidden=\"true\" class=\"wp-block-spacer\"><\/div>\n\n\n\n<p>Im Untergeschoss stehen <strong>12 komfortable Tiefgaragenpl\u00e4tze<\/strong> (inkl. Vorbereitung f\u00fcr eine E-Mobility-Ladestation), darunter ein <strong>barrierefreier Parkplatz<\/strong>, sowie eine <strong>breite<\/strong>, gut befahrbare <strong>Einfahrt <\/strong>zur Verf\u00fcgung. <strong>Sechs Kellerr\u00e4ume<\/strong>, ein <strong>Hobbyraum <\/strong>und ein <strong>Trockenraum<\/strong> sorgen f\u00fcr zus\u00e4tzlichen Stauraum und Flexibilit\u00e4t. Ein abschliessbarer <strong>Fahrradraum <\/strong>bietet sichere Abstellpl\u00e4tze f\u00fcr Fahrr\u00e4der.<\/p>\n\n\n\n<div style=\"height:40px\" aria-hidden=\"true\" class=\"wp-block-spacer\"><\/div>\n<\/div>\n<\/div>\n\n\n\n<div class=\"wp-block-buttons has-custom-font-size has-medium-font-size is-horizontal is-content-justification-center is-layout-flex wp-container-core-buttons-is-layout-ef5ce59c wp-block-buttons-is-layout-flex\">\n<div class=\"wp-block-button is-style-fill\"><a class=\"wp-block-button__link wp-element-button\" href=\"https:\/\/ecodesign-ag.ch\/ecodesign\/wordpress\/wp-content\/uploads\/2025\/12\/20251229_Grundriss-Untergeschoss-V2.3.pdf\" target=\"_blank\" rel=\"noreferrer noopener\">Untergeschoss<\/a><\/div>\n<\/div>\n<\/div>\n\n\n\n<p>Bei Fragen zu Wohnungen, Grundrissen, Lage oder Ausstattung stehen wir Ihnen gerne zur Verf\u00fcgung. Weitere Details finden Sie im Verkaufsdokument, das Sie \u00fcber das Kontaktformular bestellen k\u00f6nnen.<\/p>\n\n\n\n<div style=\"height:40px\" aria-hidden=\"true\" class=\"wp-block-spacer\"><\/div>\n\n\n\n<h2 class=\"wp-block-heading has-text-align-center\">Transparente Angaben f\u00fcr eine klare Entscheidung<\/h2>\n\n\n\n<p>Bei unseren Wohnungsangeboten legen wir Wert auf vollst\u00e4ndige und verst\u00e4ndliche Informationen. S\u00e4mtliche Nettowohnfl\u00e4chen sind klar ausgewiesen \u2013 zus\u00e4tzliche R\u00e4ume wie Keller, Sitzplatz oder Terrasse sind bewusst <strong>nicht<\/strong> in die Nettowohnfl\u00e4che eingerechnet, damit Sie genau wissen, wie viel Platz Ihnen im Alltag tats\u00e4chlich zur Verf\u00fcgung steht.<br>So erhalten Sie ein transparentes, faires und verl\u00e4ssliches Bild jeder Wohnung und k\u00f6nnen Ihr neues Zuhause mit einem guten Gef\u00fchl ausw\u00e4hlen.<\/p>\n\n\n\n<div class=\"wp-block-columns alignwide is-layout-flex wp-container-core-columns-is-layout-ff4b9c61 wp-block-columns-is-layout-flex\" style=\"margin-top:0;margin-bottom:0\">\n<div class=\"wp-block-column is-layout-flow wp-container-core-column-is-layout-1396dd20 wp-block-column-is-layout-flow\" style=\"padding-top:0;padding-right:0;padding-bottom:0;padding-left:0\">\n<div style=\"height:40px\" aria-hidden=\"true\" class=\"wp-block-spacer\"><\/div>\n\n\n\n<figure data-wp-context=\"{&quot;imageId&quot;:&quot;69e38735d6974&quot;}\" data-wp-interactive=\"core\/image\" data-wp-key=\"69e38735d6974\" class=\"wp-block-image alignwide size-full is-style-rounded is-style-rounded--1 wp-lightbox-container\" style=\"margin-top:0;margin-right:var(--wp--preset--spacing--50);margin-bottom:0;margin-left:var(--wp--preset--spacing--50)\"><img loading=\"lazy\" decoding=\"async\" width=\"1624\" height=\"783\" data-wp-class--hide=\"state.isContentHidden\" data-wp-class--show=\"state.isContentVisible\" data-wp-init=\"callbacks.setButtonStyles\" data-wp-on--click=\"actions.showLightbox\" data-wp-on--load=\"callbacks.setButtonStyles\" data-wp-on-window--resize=\"callbacks.setButtonStyles\" src=\"https:\/\/ecodesign-ag.ch\/ecodesign\/wordpress\/wp-content\/uploads\/2026\/02\/20260107_Preise_V2.1.png\" alt=\"\" class=\"wp-image-965\" srcset=\"https:\/\/ecodesign-ag.ch\/ecodesign\/wordpress\/wp-content\/uploads\/2026\/02\/20260107_Preise_V2.1.png 1624w, https:\/\/ecodesign-ag.ch\/ecodesign\/wordpress\/wp-content\/uploads\/2026\/02\/20260107_Preise_V2.1-300x145.png 300w, https:\/\/ecodesign-ag.ch\/ecodesign\/wordpress\/wp-content\/uploads\/2026\/02\/20260107_Preise_V2.1-1024x494.png 1024w, https:\/\/ecodesign-ag.ch\/ecodesign\/wordpress\/wp-content\/uploads\/2026\/02\/20260107_Preise_V2.1-768x370.png 768w, https:\/\/ecodesign-ag.ch\/ecodesign\/wordpress\/wp-content\/uploads\/2026\/02\/20260107_Preise_V2.1-1536x741.png 1536w\" sizes=\"auto, (max-width: 1624px) 100vw, 1624px\" \/><button\n\t\t\tclass=\"lightbox-trigger\"\n\t\t\ttype=\"button\"\n\t\t\taria-haspopup=\"dialog\"\n\t\t\taria-label=\"Vergr\u00f6ssern\"\n\t\t\tdata-wp-init=\"callbacks.initTriggerButton\"\n\t\t\tdata-wp-on--click=\"actions.showLightbox\"\n\t\t\tdata-wp-style--right=\"state.imageButtonRight\"\n\t\t\tdata-wp-style--top=\"state.imageButtonTop\"\n\t\t>\n\t\t\t<svg xmlns=\"http:\/\/www.w3.org\/2000\/svg\" width=\"12\" height=\"12\" fill=\"none\" viewBox=\"0 0 12 12\">\n\t\t\t\t<path fill=\"#fff\" d=\"M2 0a2 2 0 0 0-2 2v2h1.5V2a.5.5 0 0 1 .5-.5h2V0H2Zm2 10.5H2a.5.5 0 0 1-.5-.5V8H0v2a2 2 0 0 0 2 2h2v-1.5ZM8 12v-1.5h2a.5.5 0 0 0 .5-.5V8H12v2a2 2 0 0 1-2 2H8Zm2-12a2 2 0 0 1 2 2v2h-1.5V2a.5.5 0 0 0-.5-.5H8V0h2Z\" \/>\n\t\t\t<\/svg>\n\t\t<\/button><\/figure>\n<\/div>\n<\/div>\n\n\n\n<div style=\"height:40px\" aria-hidden=\"true\" class=\"wp-block-spacer\"><\/div>\n","protected":false},"excerpt":{"rendered":"<p>Ein Zuhause, das Ihren Lebensstil widerspiegelt Entdecken Sie Wohnungen, die sich Ihrem Lebensstil anpassen \u2013 vom Erdgeschoss mit privatem Garten \u00fcber helle Obergeschosswohnungen bis zu Attika-Wohnungen mit besonderem Flair. Durchdachte Grundrisse, hochwertige Ausstattung und grossz\u00fcgige Aussenbereiche verbinden Komfort, Stil und Lebensqualit\u00e4t zu einem Zuhause zum Wohlf\u00fchlen. Erdgeschosswohnungen mit privater Gartenfl\u00e4che Im Erdgeschoss befinden sich zwei [&hellip;]<\/p>\n","protected":false},"author":1,"featured_media":0,"parent":0,"menu_order":4,"comment_status":"closed","ping_status":"closed","template":"","meta":{"footnotes":""},"class_list":["post-27","page","type-page","status-publish","hentry"],"_links":{"self":[{"href":"https:\/\/ecodesign-ag.ch\/ecodesign\/wordpress\/index.php?rest_route=\/wp\/v2\/pages\/27","targetHints":{"allow":["GET"]}}],"collection":[{"href":"https:\/\/ecodesign-ag.ch\/ecodesign\/wordpress\/index.php?rest_route=\/wp\/v2\/pages"}],"about":[{"href":"https:\/\/ecodesign-ag.ch\/ecodesign\/wordpress\/index.php?rest_route=\/wp\/v2\/types\/page"}],"author":[{"embeddable":true,"href":"https:\/\/ecodesign-ag.ch\/ecodesign\/wordpress\/index.php?rest_route=\/wp\/v2\/users\/1"}],"replies":[{"embeddable":true,"href":"https:\/\/ecodesign-ag.ch\/ecodesign\/wordpress\/index.php?rest_route=%2Fwp%2Fv2%2Fcomments&post=27"}],"version-history":[{"count":153,"href":"https:\/\/ecodesign-ag.ch\/ecodesign\/wordpress\/index.php?rest_route=\/wp\/v2\/pages\/27\/revisions"}],"predecessor-version":[{"id":966,"href":"https:\/\/ecodesign-ag.ch\/ecodesign\/wordpress\/index.php?rest_route=\/wp\/v2\/pages\/27\/revisions\/966"}],"wp:attachment":[{"href":"https:\/\/ecodesign-ag.ch\/ecodesign\/wordpress\/index.php?rest_route=%2Fwp%2Fv2%2Fmedia&parent=27"}],"curies":[{"name":"wp","href":"https:\/\/api.w.org\/{rel}","templated":true}]}}