{"id":3,"date":"2025-08-28T17:24:44","date_gmt":"2025-08-28T15:24:44","guid":{"rendered":"https:\/\/ecodesign-ag.ch\/ecodesign\/wordpress\/?page_id=3"},"modified":"2025-11-01T11:32:38","modified_gmt":"2025-11-01T10:32:38","slug":"datenschutzerklaerung","status":"publish","type":"page","link":"https:\/\/ecodesign-ag.ch\/ecodesign\/wordpress\/?page_id=3","title":{"rendered":"Datenschutzerkl\u00e4rung"},"content":{"rendered":"\n<p>Diese Website wird betrieben von ecodesign AG. Wir bearbeiten Ihren Namen und Ihre E\u2011Mailadresse, den Inhalt von Nachrichten und Kommunikationsranddaten, mit dem Zweck, Fragen zu beantworten und Anliegen entgegenzunehmen. Die Kategorien der Empf\u00e4nger etwaiger Personendaten sind die beigezogenen Dienstleister, insbesondere Hosttech (Schweiz). Wir bearbeiten und speichern etwaige Personendaten haupts\u00e4chlich in der Schweiz, im Ausnahmefall in jedem Land der Welt. Bei der \u00dcbermittlung von Personendaten ins Ausland st\u00fctzen wir uns auf die Standardvertragsklauseln der Europ\u00e4ischen Kommission und die Einwilligung der Benutzer. Es erfolgt auch keine Verhaltens\u00fcberwachung; es gilt, soweit \u00fcberhaupt Personendaten erhoben werden, das Schweizer Datenschutzgesetz (DSG), nicht die DSGVO.<\/p>\n\n\n\n<p><\/p>\n","protected":false},"excerpt":{"rendered":"<p>Diese Website wird betrieben von ecodesign AG. Wir bearbeiten Ihren Namen und Ihre E\u2011Mailadresse, den Inhalt von Nachrichten und Kommunikationsranddaten, mit dem Zweck, Fragen zu beantworten und Anliegen entgegenzunehmen. Die Kategorien der Empf\u00e4nger etwaiger Personendaten sind die beigezogenen Dienstleister, insbesondere Hosttech (Schweiz). Wir bearbeiten und speichern etwaige Personendaten haupts\u00e4chlich in der Schweiz, im Ausnahmefall in [&hellip;]<\/p>\n","protected":false},"author":1,"featured_media":0,"parent":0,"menu_order":0,"comment_status":"closed","ping_status":"closed","template":"","meta":{"footnotes":""},"class_list":["post-3","page","type-page","status-publish","hentry"],"_links":{"self":[{"href":"https:\/\/ecodesign-ag.ch\/ecodesign\/wordpress\/index.php?rest_route=\/wp\/v2\/pages\/3","targetHints":{"allow":["GET"]}}],"collection":[{"href":"https:\/\/ecodesign-ag.ch\/ecodesign\/wordpress\/index.php?rest_route=\/wp\/v2\/pages"}],"about":[{"href":"https:\/\/ecodesign-ag.ch\/ecodesign\/wordpress\/index.php?rest_route=\/wp\/v2\/types\/page"}],"author":[{"embeddable":true,"href":"https:\/\/ecodesign-ag.ch\/ecodesign\/wordpress\/index.php?rest_route=\/wp\/v2\/users\/1"}],"replies":[{"embeddable":true,"href":"https:\/\/ecodesign-ag.ch\/ecodesign\/wordpress\/index.php?rest_route=%2Fwp%2Fv2%2Fcomments&post=3"}],"version-history":[{"count":8,"href":"https:\/\/ecodesign-ag.ch\/ecodesign\/wordpress\/index.php?rest_route=\/wp\/v2\/pages\/3\/revisions"}],"predecessor-version":[{"id":504,"href":"https:\/\/ecodesign-ag.ch\/ecodesign\/wordpress\/index.php?rest_route=\/wp\/v2\/pages\/3\/revisions\/504"}],"wp:attachment":[{"href":"https:\/\/ecodesign-ag.ch\/ecodesign\/wordpress\/index.php?rest_route=%2Fwp%2Fv2%2Fmedia&parent=3"}],"curies":[{"name":"wp","href":"https:\/\/api.w.org\/{rel}","templated":true}]}}