{"id":32,"date":"2025-08-28T20:12:23","date_gmt":"2025-08-28T18:12:23","guid":{"rendered":"https:\/\/ecodesign-ag.ch\/ecodesign\/wordpress\/?page_id=32"},"modified":"2025-12-05T13:49:30","modified_gmt":"2025-12-05T12:49:30","slug":"galerie","status":"publish","type":"page","link":"https:\/\/ecodesign-ag.ch\/ecodesign\/wordpress\/?page_id=32","title":{"rendered":"Galerie"},"content":{"rendered":"\n<div class=\"wp-block-group alignfull has-global-padding is-layout-constrained wp-block-group-is-layout-constrained\">\n<div class=\"wp-block-group alignfull has-global-padding is-layout-constrained wp-block-group-is-layout-constrained\">\n<h2 class=\"wp-block-heading has-text-align-center\">Ein Blick ins neue Zuhause<\/h2>\n\n\n\n<p class=\"has-text-align-left\">Jedes Bild erz\u00e4hlt eine Geschichte: Lichtdurchflutete R\u00e4ume, grossz\u00fcgige Grundrisse und Details, die das Leben sch\u00f6ner machen. Unsere Wohnungen am Bodensee verbinden modernen Wohnkomfort mit W\u00e4rme und Geborgenheit \u2013 ein Zuhause, in dem man ankommt und bleibt.<\/p>\n\n\n\n<p>St\u00f6bern Sie durch unsere Galerie und lassen Sie sich inspirieren: Hier wird modernes Wohnen pers\u00f6nlich.<\/p>\n<\/div>\n<\/div>\n\n\n\n<div class=\"wp-block-group alignfull has-global-padding is-layout-constrained wp-block-group-is-layout-constrained\">\n<div class=\"wp-block-group alignfull has-global-padding is-layout-constrained wp-container-core-group-is-layout-b25ccd55 wp-block-group-is-layout-constrained\" style=\"margin-top:0;margin-bottom:0;padding-top:var(--wp--preset--spacing--50);padding-right:var(--wp--preset--spacing--50);padding-bottom:var(--wp--preset--spacing--50);padding-left:var(--wp--preset--spacing--50)\">\n<div class=\"wp-block-columns alignwide is-layout-flex wp-container-core-columns-is-layout-ff4b9c61 wp-block-columns-is-layout-flex\" style=\"margin-top:0;margin-bottom:0\">\n<div class=\"wp-block-column is-layout-flow wp-container-core-column-is-layout-8a368f38 wp-block-column-is-layout-flow\">\n<figure data-wp-context=\"{&quot;imageId&quot;:&quot;69e3871d5c9ab&quot;}\" data-wp-interactive=\"core\/image\" data-wp-key=\"69e3871d5c9ab\" class=\"wp-block-image size-full is-style-rounded is-style-rounded--1 wp-lightbox-container\" style=\"margin-top:0;margin-bottom:0\"><img loading=\"lazy\" decoding=\"async\" width=\"2560\" height=\"1707\" data-wp-class--hide=\"state.isContentHidden\" data-wp-class--show=\"state.isContentVisible\" data-wp-init=\"callbacks.setButtonStyles\" data-wp-on--click=\"actions.showLightbox\" data-wp-on--load=\"callbacks.setButtonStyles\" data-wp-on-window--resize=\"callbacks.setButtonStyles\" src=\"https:\/\/ecodesign-ag.ch\/ecodesign\/wordpress\/wp-content\/uploads\/2025\/12\/552_MR_AP_01_abgabe_REV-scaled.jpg\" alt=\"\" class=\"wp-image-669\" srcset=\"https:\/\/ecodesign-ag.ch\/ecodesign\/wordpress\/wp-content\/uploads\/2025\/12\/552_MR_AP_01_abgabe_REV-scaled.jpg 2560w, https:\/\/ecodesign-ag.ch\/ecodesign\/wordpress\/wp-content\/uploads\/2025\/12\/552_MR_AP_01_abgabe_REV-300x200.jpg 300w, https:\/\/ecodesign-ag.ch\/ecodesign\/wordpress\/wp-content\/uploads\/2025\/12\/552_MR_AP_01_abgabe_REV-1024x683.jpg 1024w, https:\/\/ecodesign-ag.ch\/ecodesign\/wordpress\/wp-content\/uploads\/2025\/12\/552_MR_AP_01_abgabe_REV-768x512.jpg 768w, https:\/\/ecodesign-ag.ch\/ecodesign\/wordpress\/wp-content\/uploads\/2025\/12\/552_MR_AP_01_abgabe_REV-1536x1024.jpg 1536w, https:\/\/ecodesign-ag.ch\/ecodesign\/wordpress\/wp-content\/uploads\/2025\/12\/552_MR_AP_01_abgabe_REV-2048x1365.jpg 2048w\" sizes=\"auto, (max-width: 2560px) 100vw, 2560px\" \/><button\n\t\t\tclass=\"lightbox-trigger\"\n\t\t\ttype=\"button\"\n\t\t\taria-haspopup=\"dialog\"\n\t\t\taria-label=\"Vergr\u00f6ssern\"\n\t\t\tdata-wp-init=\"callbacks.initTriggerButton\"\n\t\t\tdata-wp-on--click=\"actions.showLightbox\"\n\t\t\tdata-wp-style--right=\"state.imageButtonRight\"\n\t\t\tdata-wp-style--top=\"state.imageButtonTop\"\n\t\t>\n\t\t\t<svg xmlns=\"http:\/\/www.w3.org\/2000\/svg\" width=\"12\" height=\"12\" fill=\"none\" viewBox=\"0 0 12 12\">\n\t\t\t\t<path fill=\"#fff\" d=\"M2 0a2 2 0 0 0-2 2v2h1.5V2a.5.5 0 0 1 .5-.5h2V0H2Zm2 10.5H2a.5.5 0 0 1-.5-.5V8H0v2a2 2 0 0 0 2 2h2v-1.5ZM8 12v-1.5h2a.5.5 0 0 0 .5-.5V8H12v2a2 2 0 0 1-2 2H8Zm2-12a2 2 0 0 1 2 2v2h-1.5V2a.5.5 0 0 0-.5-.5H8V0h2Z\" \/>\n\t\t\t<\/svg>\n\t\t<\/button><\/figure>\n\n\n\n<div style=\"height:var(--wp--preset--spacing--50)\" aria-hidden=\"true\" class=\"wp-block-spacer\"><\/div>\n\n\n\n<figure data-wp-context=\"{&quot;imageId&quot;:&quot;69e3871d5d88f&quot;}\" data-wp-interactive=\"core\/image\" data-wp-key=\"69e3871d5d88f\" class=\"wp-block-image size-full is-style-rounded wp-duotone-unset-3 is-style-rounded--2 wp-lightbox-container\"><img loading=\"lazy\" decoding=\"async\" width=\"2560\" height=\"1707\" data-wp-class--hide=\"state.isContentHidden\" data-wp-class--show=\"state.isContentVisible\" data-wp-init=\"callbacks.setButtonStyles\" data-wp-on--click=\"actions.showLightbox\" data-wp-on--load=\"callbacks.setButtonStyles\" data-wp-on-window--resize=\"callbacks.setButtonStyles\" src=\"https:\/\/ecodesign-ag.ch\/ecodesign\/wordpress\/wp-content\/uploads\/2025\/12\/552_MR_VP_01_abgabe_rev-scaled.jpg\" alt=\"\" class=\"wp-image-677\" srcset=\"https:\/\/ecodesign-ag.ch\/ecodesign\/wordpress\/wp-content\/uploads\/2025\/12\/552_MR_VP_01_abgabe_rev-scaled.jpg 2560w, https:\/\/ecodesign-ag.ch\/ecodesign\/wordpress\/wp-content\/uploads\/2025\/12\/552_MR_VP_01_abgabe_rev-300x200.jpg 300w, https:\/\/ecodesign-ag.ch\/ecodesign\/wordpress\/wp-content\/uploads\/2025\/12\/552_MR_VP_01_abgabe_rev-1024x683.jpg 1024w, https:\/\/ecodesign-ag.ch\/ecodesign\/wordpress\/wp-content\/uploads\/2025\/12\/552_MR_VP_01_abgabe_rev-768x512.jpg 768w, https:\/\/ecodesign-ag.ch\/ecodesign\/wordpress\/wp-content\/uploads\/2025\/12\/552_MR_VP_01_abgabe_rev-1536x1024.jpg 1536w, https:\/\/ecodesign-ag.ch\/ecodesign\/wordpress\/wp-content\/uploads\/2025\/12\/552_MR_VP_01_abgabe_rev-2048x1365.jpg 2048w\" sizes=\"auto, (max-width: 2560px) 100vw, 2560px\" \/><button\n\t\t\tclass=\"lightbox-trigger\"\n\t\t\ttype=\"button\"\n\t\t\taria-haspopup=\"dialog\"\n\t\t\taria-label=\"Vergr\u00f6ssern\"\n\t\t\tdata-wp-init=\"callbacks.initTriggerButton\"\n\t\t\tdata-wp-on--click=\"actions.showLightbox\"\n\t\t\tdata-wp-style--right=\"state.imageButtonRight\"\n\t\t\tdata-wp-style--top=\"state.imageButtonTop\"\n\t\t>\n\t\t\t<svg xmlns=\"http:\/\/www.w3.org\/2000\/svg\" width=\"12\" height=\"12\" fill=\"none\" viewBox=\"0 0 12 12\">\n\t\t\t\t<path fill=\"#fff\" d=\"M2 0a2 2 0 0 0-2 2v2h1.5V2a.5.5 0 0 1 .5-.5h2V0H2Zm2 10.5H2a.5.5 0 0 1-.5-.5V8H0v2a2 2 0 0 0 2 2h2v-1.5ZM8 12v-1.5h2a.5.5 0 0 0 .5-.5V8H12v2a2 2 0 0 1-2 2H8Zm2-12a2 2 0 0 1 2 2v2h-1.5V2a.5.5 0 0 0-.5-.5H8V0h2Z\" \/>\n\t\t\t<\/svg>\n\t\t<\/button><\/figure>\n\n\n\n<div style=\"height:var(--wp--preset--spacing--50)\" aria-hidden=\"true\" class=\"wp-block-spacer\"><\/div>\n\n\n\n<figure data-wp-context=\"{&quot;imageId&quot;:&quot;69e3871d5e428&quot;}\" data-wp-interactive=\"core\/image\" data-wp-key=\"69e3871d5e428\" class=\"wp-block-image size-full is-style-rounded is-style-rounded--4 wp-lightbox-container\"><img loading=\"lazy\" decoding=\"async\" width=\"2560\" height=\"1707\" data-wp-class--hide=\"state.isContentHidden\" data-wp-class--show=\"state.isContentVisible\" data-wp-init=\"callbacks.setButtonStyles\" data-wp-on--click=\"actions.showLightbox\" data-wp-on--load=\"callbacks.setButtonStyles\" data-wp-on-window--resize=\"callbacks.setButtonStyles\" src=\"https:\/\/ecodesign-ag.ch\/ecodesign\/wordpress\/wp-content\/uploads\/2025\/12\/5552_MR_IP_05_terrasse_abgabe_REV-scaled.jpg\" alt=\"\" class=\"wp-image-672\" srcset=\"https:\/\/ecodesign-ag.ch\/ecodesign\/wordpress\/wp-content\/uploads\/2025\/12\/5552_MR_IP_05_terrasse_abgabe_REV-scaled.jpg 2560w, https:\/\/ecodesign-ag.ch\/ecodesign\/wordpress\/wp-content\/uploads\/2025\/12\/5552_MR_IP_05_terrasse_abgabe_REV-300x200.jpg 300w, https:\/\/ecodesign-ag.ch\/ecodesign\/wordpress\/wp-content\/uploads\/2025\/12\/5552_MR_IP_05_terrasse_abgabe_REV-1024x683.jpg 1024w, https:\/\/ecodesign-ag.ch\/ecodesign\/wordpress\/wp-content\/uploads\/2025\/12\/5552_MR_IP_05_terrasse_abgabe_REV-768x512.jpg 768w, https:\/\/ecodesign-ag.ch\/ecodesign\/wordpress\/wp-content\/uploads\/2025\/12\/5552_MR_IP_05_terrasse_abgabe_REV-1536x1024.jpg 1536w, https:\/\/ecodesign-ag.ch\/ecodesign\/wordpress\/wp-content\/uploads\/2025\/12\/5552_MR_IP_05_terrasse_abgabe_REV-2048x1365.jpg 2048w\" sizes=\"auto, (max-width: 2560px) 100vw, 2560px\" \/><button\n\t\t\tclass=\"lightbox-trigger\"\n\t\t\ttype=\"button\"\n\t\t\taria-haspopup=\"dialog\"\n\t\t\taria-label=\"Vergr\u00f6ssern\"\n\t\t\tdata-wp-init=\"callbacks.initTriggerButton\"\n\t\t\tdata-wp-on--click=\"actions.showLightbox\"\n\t\t\tdata-wp-style--right=\"state.imageButtonRight\"\n\t\t\tdata-wp-style--top=\"state.imageButtonTop\"\n\t\t>\n\t\t\t<svg xmlns=\"http:\/\/www.w3.org\/2000\/svg\" width=\"12\" height=\"12\" fill=\"none\" viewBox=\"0 0 12 12\">\n\t\t\t\t<path fill=\"#fff\" d=\"M2 0a2 2 0 0 0-2 2v2h1.5V2a.5.5 0 0 1 .5-.5h2V0H2Zm2 10.5H2a.5.5 0 0 1-.5-.5V8H0v2a2 2 0 0 0 2 2h2v-1.5ZM8 12v-1.5h2a.5.5 0 0 0 .5-.5V8H12v2a2 2 0 0 1-2 2H8Zm2-12a2 2 0 0 1 2 2v2h-1.5V2a.5.5 0 0 0-.5-.5H8V0h2Z\" \/>\n\t\t\t<\/svg>\n\t\t<\/button><\/figure>\n\n\n\n<div style=\"height:var(--wp--preset--spacing--50)\" aria-hidden=\"true\" class=\"wp-block-spacer\"><\/div>\n\n\n\n<figure data-wp-context=\"{&quot;imageId&quot;:&quot;69e3871d5f0e0&quot;}\" data-wp-interactive=\"core\/image\" data-wp-key=\"69e3871d5f0e0\" class=\"wp-block-image size-full is-style-rounded is-style-rounded--5 wp-lightbox-container\"><img loading=\"lazy\" decoding=\"async\" width=\"2560\" height=\"1707\" data-wp-class--hide=\"state.isContentHidden\" data-wp-class--show=\"state.isContentVisible\" data-wp-init=\"callbacks.setButtonStyles\" data-wp-on--click=\"actions.showLightbox\" data-wp-on--load=\"callbacks.setButtonStyles\" data-wp-on-window--resize=\"callbacks.setButtonStyles\" src=\"https:\/\/ecodesign-ag.ch\/ecodesign\/wordpress\/wp-content\/uploads\/2025\/12\/5552_MR_IP_03_wohnen_abgabe_REV-scaled.jpg\" alt=\"\" class=\"wp-image-670\" srcset=\"https:\/\/ecodesign-ag.ch\/ecodesign\/wordpress\/wp-content\/uploads\/2025\/12\/5552_MR_IP_03_wohnen_abgabe_REV-scaled.jpg 2560w, https:\/\/ecodesign-ag.ch\/ecodesign\/wordpress\/wp-content\/uploads\/2025\/12\/5552_MR_IP_03_wohnen_abgabe_REV-300x200.jpg 300w, https:\/\/ecodesign-ag.ch\/ecodesign\/wordpress\/wp-content\/uploads\/2025\/12\/5552_MR_IP_03_wohnen_abgabe_REV-1024x683.jpg 1024w, https:\/\/ecodesign-ag.ch\/ecodesign\/wordpress\/wp-content\/uploads\/2025\/12\/5552_MR_IP_03_wohnen_abgabe_REV-768x512.jpg 768w, https:\/\/ecodesign-ag.ch\/ecodesign\/wordpress\/wp-content\/uploads\/2025\/12\/5552_MR_IP_03_wohnen_abgabe_REV-1536x1024.jpg 1536w, https:\/\/ecodesign-ag.ch\/ecodesign\/wordpress\/wp-content\/uploads\/2025\/12\/5552_MR_IP_03_wohnen_abgabe_REV-2048x1365.jpg 2048w\" sizes=\"auto, (max-width: 2560px) 100vw, 2560px\" \/><button\n\t\t\tclass=\"lightbox-trigger\"\n\t\t\ttype=\"button\"\n\t\t\taria-haspopup=\"dialog\"\n\t\t\taria-label=\"Vergr\u00f6ssern\"\n\t\t\tdata-wp-init=\"callbacks.initTriggerButton\"\n\t\t\tdata-wp-on--click=\"actions.showLightbox\"\n\t\t\tdata-wp-style--right=\"state.imageButtonRight\"\n\t\t\tdata-wp-style--top=\"state.imageButtonTop\"\n\t\t>\n\t\t\t<svg xmlns=\"http:\/\/www.w3.org\/2000\/svg\" width=\"12\" height=\"12\" fill=\"none\" viewBox=\"0 0 12 12\">\n\t\t\t\t<path fill=\"#fff\" d=\"M2 0a2 2 0 0 0-2 2v2h1.5V2a.5.5 0 0 1 .5-.5h2V0H2Zm2 10.5H2a.5.5 0 0 1-.5-.5V8H0v2a2 2 0 0 0 2 2h2v-1.5ZM8 12v-1.5h2a.5.5 0 0 0 .5-.5V8H12v2a2 2 0 0 1-2 2H8Zm2-12a2 2 0 0 1 2 2v2h-1.5V2a.5.5 0 0 0-.5-.5H8V0h2Z\" \/>\n\t\t\t<\/svg>\n\t\t<\/button><\/figure>\n<\/div>\n\n\n\n<div class=\"wp-block-column is-layout-flow wp-container-core-column-is-layout-8a368f38 wp-block-column-is-layout-flow\">\n<div style=\"height:var(--wp--preset--spacing--50)\" aria-hidden=\"true\" class=\"wp-block-spacer\"><\/div>\n\n\n\n<figure data-wp-context=\"{&quot;imageId&quot;:&quot;69e3871d5ffa6&quot;}\" data-wp-interactive=\"core\/image\" data-wp-key=\"69e3871d5ffa6\" class=\"wp-block-image size-full is-style-rounded is-style-rounded--6 wp-lightbox-container\"><img loading=\"lazy\" decoding=\"async\" width=\"1792\" height=\"1191\" data-wp-class--hide=\"state.isContentHidden\" data-wp-class--show=\"state.isContentVisible\" data-wp-init=\"callbacks.setButtonStyles\" data-wp-on--click=\"actions.showLightbox\" data-wp-on--load=\"callbacks.setButtonStyles\" data-wp-on-window--resize=\"callbacks.setButtonStyles\" src=\"https:\/\/ecodesign-ag.ch\/ecodesign\/wordpress\/wp-content\/uploads\/2025\/12\/EG_Sicht.png\" alt=\"\" class=\"wp-image-673\" srcset=\"https:\/\/ecodesign-ag.ch\/ecodesign\/wordpress\/wp-content\/uploads\/2025\/12\/EG_Sicht.png 1792w, https:\/\/ecodesign-ag.ch\/ecodesign\/wordpress\/wp-content\/uploads\/2025\/12\/EG_Sicht-300x199.png 300w, https:\/\/ecodesign-ag.ch\/ecodesign\/wordpress\/wp-content\/uploads\/2025\/12\/EG_Sicht-1024x681.png 1024w, https:\/\/ecodesign-ag.ch\/ecodesign\/wordpress\/wp-content\/uploads\/2025\/12\/EG_Sicht-768x510.png 768w, https:\/\/ecodesign-ag.ch\/ecodesign\/wordpress\/wp-content\/uploads\/2025\/12\/EG_Sicht-1536x1021.png 1536w\" sizes=\"auto, (max-width: 1792px) 100vw, 1792px\" \/><button\n\t\t\tclass=\"lightbox-trigger\"\n\t\t\ttype=\"button\"\n\t\t\taria-haspopup=\"dialog\"\n\t\t\taria-label=\"Vergr\u00f6ssern\"\n\t\t\tdata-wp-init=\"callbacks.initTriggerButton\"\n\t\t\tdata-wp-on--click=\"actions.showLightbox\"\n\t\t\tdata-wp-style--right=\"state.imageButtonRight\"\n\t\t\tdata-wp-style--top=\"state.imageButtonTop\"\n\t\t>\n\t\t\t<svg xmlns=\"http:\/\/www.w3.org\/2000\/svg\" width=\"12\" height=\"12\" fill=\"none\" viewBox=\"0 0 12 12\">\n\t\t\t\t<path fill=\"#fff\" d=\"M2 0a2 2 0 0 0-2 2v2h1.5V2a.5.5 0 0 1 .5-.5h2V0H2Zm2 10.5H2a.5.5 0 0 1-.5-.5V8H0v2a2 2 0 0 0 2 2h2v-1.5ZM8 12v-1.5h2a.5.5 0 0 0 .5-.5V8H12v2a2 2 0 0 1-2 2H8Zm2-12a2 2 0 0 1 2 2v2h-1.5V2a.5.5 0 0 0-.5-.5H8V0h2Z\" \/>\n\t\t\t<\/svg>\n\t\t<\/button><\/figure>\n\n\n\n<div style=\"height:var(--wp--preset--spacing--50)\" aria-hidden=\"true\" class=\"wp-block-spacer\"><\/div>\n\n\n\n<figure data-wp-context=\"{&quot;imageId&quot;:&quot;69e3871d60c24&quot;}\" data-wp-interactive=\"core\/image\" data-wp-key=\"69e3871d60c24\" class=\"wp-block-image size-full is-style-rounded is-style-rounded--7 wp-lightbox-container\"><img loading=\"lazy\" decoding=\"async\" width=\"2560\" height=\"2560\" data-wp-class--hide=\"state.isContentHidden\" data-wp-class--show=\"state.isContentVisible\" data-wp-init=\"callbacks.setButtonStyles\" data-wp-on--click=\"actions.showLightbox\" data-wp-on--load=\"callbacks.setButtonStyles\" data-wp-on-window--resize=\"callbacks.setButtonStyles\" src=\"https:\/\/ecodesign-ag.ch\/ecodesign\/wordpress\/wp-content\/uploads\/2025\/12\/5552_MR_IP_04_bad_abgabe_REV-1-scaled.jpg\" alt=\"\" class=\"wp-image-680\" srcset=\"https:\/\/ecodesign-ag.ch\/ecodesign\/wordpress\/wp-content\/uploads\/2025\/12\/5552_MR_IP_04_bad_abgabe_REV-1-scaled.jpg 2560w, https:\/\/ecodesign-ag.ch\/ecodesign\/wordpress\/wp-content\/uploads\/2025\/12\/5552_MR_IP_04_bad_abgabe_REV-1-300x300.jpg 300w, https:\/\/ecodesign-ag.ch\/ecodesign\/wordpress\/wp-content\/uploads\/2025\/12\/5552_MR_IP_04_bad_abgabe_REV-1-1024x1024.jpg 1024w, https:\/\/ecodesign-ag.ch\/ecodesign\/wordpress\/wp-content\/uploads\/2025\/12\/5552_MR_IP_04_bad_abgabe_REV-1-150x150.jpg 150w, https:\/\/ecodesign-ag.ch\/ecodesign\/wordpress\/wp-content\/uploads\/2025\/12\/5552_MR_IP_04_bad_abgabe_REV-1-768x768.jpg 768w, https:\/\/ecodesign-ag.ch\/ecodesign\/wordpress\/wp-content\/uploads\/2025\/12\/5552_MR_IP_04_bad_abgabe_REV-1-1536x1536.jpg 1536w, https:\/\/ecodesign-ag.ch\/ecodesign\/wordpress\/wp-content\/uploads\/2025\/12\/5552_MR_IP_04_bad_abgabe_REV-1-2048x2048.jpg 2048w\" sizes=\"auto, (max-width: 2560px) 100vw, 2560px\" \/><button\n\t\t\tclass=\"lightbox-trigger\"\n\t\t\ttype=\"button\"\n\t\t\taria-haspopup=\"dialog\"\n\t\t\taria-label=\"Vergr\u00f6ssern\"\n\t\t\tdata-wp-init=\"callbacks.initTriggerButton\"\n\t\t\tdata-wp-on--click=\"actions.showLightbox\"\n\t\t\tdata-wp-style--right=\"state.imageButtonRight\"\n\t\t\tdata-wp-style--top=\"state.imageButtonTop\"\n\t\t>\n\t\t\t<svg xmlns=\"http:\/\/www.w3.org\/2000\/svg\" width=\"12\" height=\"12\" fill=\"none\" viewBox=\"0 0 12 12\">\n\t\t\t\t<path fill=\"#fff\" d=\"M2 0a2 2 0 0 0-2 2v2h1.5V2a.5.5 0 0 1 .5-.5h2V0H2Zm2 10.5H2a.5.5 0 0 1-.5-.5V8H0v2a2 2 0 0 0 2 2h2v-1.5ZM8 12v-1.5h2a.5.5 0 0 0 .5-.5V8H12v2a2 2 0 0 1-2 2H8Zm2-12a2 2 0 0 1 2 2v2h-1.5V2a.5.5 0 0 0-.5-.5H8V0h2Z\" \/>\n\t\t\t<\/svg>\n\t\t<\/button><\/figure>\n\n\n\n<div style=\"height:var(--wp--preset--spacing--50)\" aria-hidden=\"true\" class=\"wp-block-spacer\"><\/div>\n\n\n\n<figure data-wp-context=\"{&quot;imageId&quot;:&quot;69e3871d69fa1&quot;}\" data-wp-interactive=\"core\/image\" data-wp-key=\"69e3871d69fa1\" class=\"wp-block-image size-full is-style-rounded is-style-rounded--8 wp-lightbox-container\"><img loading=\"lazy\" decoding=\"async\" width=\"2525\" height=\"2025\" data-wp-class--hide=\"state.isContentHidden\" data-wp-class--show=\"state.isContentVisible\" data-wp-init=\"callbacks.setButtonStyles\" data-wp-on--click=\"actions.showLightbox\" data-wp-on--load=\"callbacks.setButtonStyles\" data-wp-on-window--resize=\"callbacks.setButtonStyles\" src=\"https:\/\/ecodesign-ag.ch\/ecodesign\/wordpress\/wp-content\/uploads\/2025\/12\/Seeglueck-OG.jpg\" alt=\"\" class=\"wp-image-692\" srcset=\"https:\/\/ecodesign-ag.ch\/ecodesign\/wordpress\/wp-content\/uploads\/2025\/12\/Seeglueck-OG.jpg 2525w, https:\/\/ecodesign-ag.ch\/ecodesign\/wordpress\/wp-content\/uploads\/2025\/12\/Seeglueck-OG-300x241.jpg 300w, https:\/\/ecodesign-ag.ch\/ecodesign\/wordpress\/wp-content\/uploads\/2025\/12\/Seeglueck-OG-1024x821.jpg 1024w, https:\/\/ecodesign-ag.ch\/ecodesign\/wordpress\/wp-content\/uploads\/2025\/12\/Seeglueck-OG-768x616.jpg 768w, https:\/\/ecodesign-ag.ch\/ecodesign\/wordpress\/wp-content\/uploads\/2025\/12\/Seeglueck-OG-1536x1232.jpg 1536w, https:\/\/ecodesign-ag.ch\/ecodesign\/wordpress\/wp-content\/uploads\/2025\/12\/Seeglueck-OG-2048x1642.jpg 2048w\" sizes=\"auto, (max-width: 2525px) 100vw, 2525px\" \/><button\n\t\t\tclass=\"lightbox-trigger\"\n\t\t\ttype=\"button\"\n\t\t\taria-haspopup=\"dialog\"\n\t\t\taria-label=\"Vergr\u00f6ssern\"\n\t\t\tdata-wp-init=\"callbacks.initTriggerButton\"\n\t\t\tdata-wp-on--click=\"actions.showLightbox\"\n\t\t\tdata-wp-style--right=\"state.imageButtonRight\"\n\t\t\tdata-wp-style--top=\"state.imageButtonTop\"\n\t\t>\n\t\t\t<svg xmlns=\"http:\/\/www.w3.org\/2000\/svg\" width=\"12\" height=\"12\" fill=\"none\" viewBox=\"0 0 12 12\">\n\t\t\t\t<path fill=\"#fff\" d=\"M2 0a2 2 0 0 0-2 2v2h1.5V2a.5.5 0 0 1 .5-.5h2V0H2Zm2 10.5H2a.5.5 0 0 1-.5-.5V8H0v2a2 2 0 0 0 2 2h2v-1.5ZM8 12v-1.5h2a.5.5 0 0 0 .5-.5V8H12v2a2 2 0 0 1-2 2H8Zm2-12a2 2 0 0 1 2 2v2h-1.5V2a.5.5 0 0 0-.5-.5H8V0h2Z\" \/>\n\t\t\t<\/svg>\n\t\t<\/button><\/figure>\n\n\n\n<div style=\"height:var(--wp--preset--spacing--50)\" aria-hidden=\"true\" class=\"wp-block-spacer\"><\/div>\n<\/div>\n<\/div>\n\n\n\n<div style=\"height:33px\" aria-hidden=\"true\" class=\"wp-block-spacer\"><\/div>\n\n\n\n<div class=\"wp-block-buttons is-content-justification-center is-layout-flex wp-container-core-buttons-is-layout-a89b3969 wp-block-buttons-is-layout-flex\">\n<div class=\"wp-block-button\"><a class=\"wp-block-button__link has-text-align-center wp-element-button\" href=\"https:\/\/ecodesign-ag.ch\/ecodesign\/wordpress\/?page_id=27\">zu den Wohnungen<\/a><\/div>\n<\/div>\n<\/div>\n<\/div>\n","protected":false},"excerpt":{"rendered":"<p>Ein Blick ins neue Zuhause Jedes Bild erz\u00e4hlt eine Geschichte: Lichtdurchflutete R\u00e4ume, grossz\u00fcgige Grundrisse und Details, die das Leben sch\u00f6ner machen. Unsere Wohnungen am Bodensee verbinden modernen Wohnkomfort mit W\u00e4rme und Geborgenheit \u2013 ein Zuhause, in dem man ankommt und bleibt. St\u00f6bern Sie durch unsere Galerie und lassen Sie sich inspirieren: Hier wird modernes Wohnen [&hellip;]<\/p>\n","protected":false},"author":1,"featured_media":0,"parent":0,"menu_order":0,"comment_status":"closed","ping_status":"closed","template":"","meta":{"footnotes":""},"class_list":["post-32","page","type-page","status-publish","hentry"],"_links":{"self":[{"href":"https:\/\/ecodesign-ag.ch\/ecodesign\/wordpress\/index.php?rest_route=\/wp\/v2\/pages\/32","targetHints":{"allow":["GET"]}}],"collection":[{"href":"https:\/\/ecodesign-ag.ch\/ecodesign\/wordpress\/index.php?rest_route=\/wp\/v2\/pages"}],"about":[{"href":"https:\/\/ecodesign-ag.ch\/ecodesign\/wordpress\/index.php?rest_route=\/wp\/v2\/types\/page"}],"author":[{"embeddable":true,"href":"https:\/\/ecodesign-ag.ch\/ecodesign\/wordpress\/index.php?rest_route=\/wp\/v2\/users\/1"}],"replies":[{"embeddable":true,"href":"https:\/\/ecodesign-ag.ch\/ecodesign\/wordpress\/index.php?rest_route=%2Fwp%2Fv2%2Fcomments&post=32"}],"version-history":[{"count":33,"href":"https:\/\/ecodesign-ag.ch\/ecodesign\/wordpress\/index.php?rest_route=\/wp\/v2\/pages\/32\/revisions"}],"predecessor-version":[{"id":697,"href":"https:\/\/ecodesign-ag.ch\/ecodesign\/wordpress\/index.php?rest_route=\/wp\/v2\/pages\/32\/revisions\/697"}],"wp:attachment":[{"href":"https:\/\/ecodesign-ag.ch\/ecodesign\/wordpress\/index.php?rest_route=%2Fwp%2Fv2%2Fmedia&parent=32"}],"curies":[{"name":"wp","href":"https:\/\/api.w.org\/{rel}","templated":true}]}}