{"id":369,"date":"2025-10-24T17:16:23","date_gmt":"2025-10-24T15:16:23","guid":{"rendered":"https:\/\/ecodesign-ag.ch\/ecodesign\/wordpress\/?page_id=369"},"modified":"2025-12-13T08:44:25","modified_gmt":"2025-12-13T07:44:25","slug":"kurzbaubeschrieb","status":"publish","type":"page","link":"https:\/\/ecodesign-ag.ch\/ecodesign\/wordpress\/?page_id=369","title":{"rendered":"Kurzbaubeschrieb"},"content":{"rendered":"\n<div class=\"wp-block-columns alignwide is-layout-flex wp-container-core-columns-is-layout-28f84493 wp-block-columns-is-layout-flex\">\n<div class=\"wp-block-column is-layout-flow wp-block-column-is-layout-flow\">\n<p><strong>Bauherr<\/strong> <br>ecodesign ag, ecodesign construct ag, Uttwil<br>Massgebend f\u00fcr die Ausf\u00fchrung ist der detaillierte Bau- und Leistungsbeschrieb. Die vorliegenden Angaben dienen der unverbindlichen Information.<\/p>\n\n\n\n<p><strong>Bezug<\/strong><br>Herbst\/Winter 2027<\/p>\n\n\n\n<p><strong>Wohn\u00fcberbauung<\/strong><br>1 Mehrfamilienhaus mit 6 Eigentumswohnungen sowie einer gemeinsamen Tiefgarage.<\/p>\n\n\n\n<p><strong>Rohbau<\/strong><br>Massive Bauweise mit Betondecken und Backsteinw\u00e4nden. Erdbebensichere Tragkonstruktion gem\u00e4ss SIA-Norm 261. Bodenplatten und erdber\u00fchrte Aussenw\u00e4nde aus wasserdichtem Beton. Treppenhaus- und Wohnungstrennw\u00e4nde in Beton, Innenw\u00e4nde in Beton oder Backstein. Sehr guter Schallschutz, langlebige und wartungsarme Bauweise. Geb\u00e4ude im Minergie-Standard f\u00fcr energieeffizientes und nachhaltiges Wohnen.<\/p>\n\n\n\n<p><strong>Bedachung<\/strong><br>Nicht begehbares Satteldach mit w\u00e4rmeged\u00e4mmter Unterkonstruktion und langlebiger Dacheindeckung. Oberste Wohnungen mit Oberlichtern und Lukarnen. Spenglerarbeiten in Kupfer gem\u00e4ss Farb- und Materialkonzept. Auf der S\u00fcdseite ist eine Photovoltaikanlage vorgesehen.<\/p>\n\n\n\n<p><strong>Geb\u00e4udeh\u00fclle<\/strong><br>Vorvergraute, hinterl\u00fcftete Holzfassade auf nicht brennbarer Aussenw\u00e4rmed\u00e4mmung zur ganzj\u00e4hrigen Regulierung des Raumklimas. Verwendung von hochwertigen, witterungsbest\u00e4ndigen H\u00f6lzern aus nachhaltiger Produktion. Langlebige, wartungsarme Konstruktion mit hoher Werterhaltung. W\u00e4rmed\u00e4mmung gem\u00e4ss Energienachweis mit hohen Anforderungen an W\u00e4rme- und Schallschutz nach Minergie-Standard.<\/p>\n\n\n\n<p><strong>Heizung, L\u00fcftung &amp; Energie<\/strong><br>W\u00e4rmeerzeugung \u00fcber Erdw\u00e4rmesonden (Sole\/Wasser-W\u00e4rmepumpe) f\u00fcr Heizung und Warmwasser. Verteilung mittels Niedertemperatur-Fussbodenheizung mit individueller Regelung und separatem Verbrauchsz\u00e4hler pro Wohnung. Photovoltaikanlage auf der S\u00fcdseite zur Eigenstromproduktion mit Netzeinspeisung von \u00dcbersch\u00fcssen. Kontrollierte Wohnrauml\u00fcftung mit W\u00e4rmer\u00fcckgewinnung f\u00fcr konstant frische Luft bei geringem Energieverbrauch. Hoher energetischer Standard durch Kombination aus W\u00e4rmepumpe, Natural Cooling und PV-Anlage f\u00fcr effizienten Betrieb und tiefe Nebenkosten.<\/p>\n\n\n\n<p><strong>Innenausbau<\/strong><br>Grossz\u00fcgige Raumh\u00f6hen, durchdachte Grundrisse und zwei vollwertige Badezimmer. Hochwertige Materialien, klare Linien und eine harmonische Raumaufteilung schaffen ein modernes, wohnliches Ambiente.<\/p>\n\n\n\n<p><strong>B\u00f6den und W\u00e4nde<\/strong><br>Wohn- und Schlafbereiche, K\u00fcche sowie Entr\u00e9e und Korridor mit Eichenparkett und weissen Sockelleisten. Badezimmer und Reduit mit keramischen Platten f\u00fcr Eleganz und Pflegeleichtigkeit. W\u00e4nde teils mit wisch- und abriebfester Farbe oder Platten, Decken in Weissputz, \u00fcbrige W\u00e4nde in mineralischem 1\u202fmm Abrieb.<\/p>\n\n\n\n<p><strong>Wohnungseingangst\u00fcre<\/strong><br>Abschliessbare T\u00fcr mit Doppelfalz und doppelter Gummidichtung f\u00fcr erh\u00f6hten Schallschutz. Ausgestattet mit Sicherheitsverschluss (RC2), T\u00fcrspion und Edelstahl-Dr\u00fcckergarnitur.<\/p>\n\n\n\n<p><strong>Schliessanlage<\/strong><br>Mechanische Anlage mit gleichschliessenden Zylindern f\u00fcr Haus- und Wohnungseing\u00e4nge, Keller, Nebenr\u00e4ume, Briefk\u00e4sten und Tiefgarage. Jede Wohnung erh\u00e4lt f\u00fcnf Schl\u00fcssel.<\/p>\n\n\n\n<p><strong>Innent\u00fcren<\/strong><br>Stumpf einschlagende T\u00fcren, 2,10\u202fm hoch, f\u00fcr eine grossz\u00fcgige und elegante Optik. Edelstahl-Dr\u00fcckergarnituren unterstreichen das moderne Design.<\/p>\n\n\n\n<p><strong>Fenster und Hebe-\/Schiebet\u00fcren<\/strong><br>Kombination aus Kunststoff innen und Aluminium aussen f\u00fcr hohe Witterungsbest\u00e4ndigkeit und wartungsfreie Langlebigkeit. Alle Fenster mit 3-fach-Isolierverglasung und Schallschutz gem\u00e4ss Baubewilligung. Farbgebung entsprechend dem Farbkonzept.<\/p>\n\n\n\n<p><strong>Vorhangschienen<\/strong><br>Deckenb\u00fcndig, \u00fcberwiegend von Wand zu Wand, f\u00fcr eine moderne und flexible Raumgestaltung.<\/p>\n\n\n\n<p><strong>Lamellenstoren<\/strong><br>Alle Fenster mit elektrischen Metall-Verbundraffstoren. Farbton gem\u00e4ss bewilligtem Farbkonzept.<\/p>\n\n\n\n<p><strong>K\u00fcche<\/strong><br>Grundausstattung mit hochwertigen Einbauger\u00e4ten und Granitabdeckung. Moderner Wasserhahn mit kaltem, warmem und sprudelndem Wasser. Inklusive Backofen, Steamer, Geschirrsp\u00fcler, Induktionskochfeld mit integriertem Dunstabzug und LED-Beleuchtung.<\/p>\n\n\n\n<p><\/p>\n<\/div>\n\n\n\n<div class=\"wp-block-column is-layout-flow wp-block-column-is-layout-flow\">\n<p><strong>Reduit<\/strong><br>Jede Wohnung verf\u00fcgt \u00fcber ein praktisches Reduit neben oder hinter der K\u00fcche. Der Abstellraum bietet Platz f\u00fcr Vorr\u00e4te, Putzutensilien oder gr\u00f6ssere Ger\u00e4te und sorgt so f\u00fcr eine klare, funktionale Raumstruktur und komfortables Wohnambiente.<\/p>\n\n\n\n<p><strong>Sanit\u00e4ranlagen<\/strong><br>Hochwertige Ausstattung mit bodengleichen Duschen, modernen Badewannen und eingelassenen, beleuchteten Spiegelschr\u00e4nken.<\/p>\n\n\n\n<p>Waschmaschine und Tumbler in verkleidetem M\u00f6bel, optional mit zus\u00e4tzlichem Stauraum.<\/p>\n\n\n\n<p>Jede Wohnung verf\u00fcgt \u00fcber einen separaten Verbrauchsz\u00e4hler f\u00fcr Warm-und Kaltwasser.<\/p>\n\n\n\n<p><strong>Einbaum\u00f6bel und Ankleide<\/strong><br>Im Entr\u00e9e sind passgenaue Garderobenschr\u00e4nke vorgesehen.<\/p>\n\n\n\n<p>Erdgeschoss- und Obergeschosswohnungen verf\u00fcgen \u00fcber passgenaue Ankleideschr\u00e4nke.<\/p>\n\n\n\n<p><strong>Chemin\u00e9e-Ofen<\/strong><br>In den Attika-Wohnungen sorgt ein Minergie geeigneter Chemin\u00e9e-Ofen mit integriertem W\u00e4rmespeicher f\u00fcr wohlige W\u00e4rme und stilvolle Akzente im Wohnbereich.<\/p>\n\n\n\n<p><strong>Terrasse und Balkon<\/strong><br>Staketengel\u00e4nder aus verzinktem, einbrennlackiertem Flachstahl nach SIA-Normen, Farbton gem\u00e4ss Farbkonzept. Jede Wohneinheit erh\u00e4lt einen frostsicheren Aussenwasserhahn.<\/p>\n\n\n\n<p>F\u00fcr Attika-Wohnungen sorgt eine Pergola als flexibler Sonnenschutz und gesch\u00fctzter Aussenbereich, ideal f\u00fcr Seesicht und exklusiven Wohnkomfort.<\/p>\n\n\n\n<p><strong>Elektro und Technik<\/strong><br>Hochwertige Elektroinstallationen mit ausreichend Steckdosen, Einbau-Spots und vielf\u00e4ltigen Beleuchtungsm\u00f6glichkeiten. Alle R\u00e4ume mit LAN- und Multimediadosen ausgestattet. Optional kann ein Smart-Home-System f\u00fcr zentrale Steuerung von Beleuchtung, Heizung und Storen hinzugef\u00fcgt werden.<\/p>\n\n\n\n<p><strong>Kellerabteil<\/strong><br>Jede Wohnung verf\u00fcgt \u00fcber ein separates, abschliessbares Kellerabteil im Untergeschoss mit Stromanschluss. Ideal f\u00fcr Stauraum von pers\u00f6nlichen Gegenst\u00e4nden, Sport- oder Freizeitmaterial.<\/p>\n\n\n\n<p><strong>Tiefgarage<\/strong><br>Grossz\u00fcgige Garagenpl\u00e4tze f\u00fcr komfortables Ein- und Aussteigen, auch bei grossen Fahrzeugen. Elektrisches Garagentor mit Bewegungssteuerung und Handsender pro Platz. Nat\u00fcrliche Querl\u00fcftung vorhanden. Jeder Platz ist vorbereitet f\u00fcr eine E-Mobility-Ladestation. Zus\u00e4tzlich gibt es einen abgeschlossenen Fahrradraum mit sicherem Zugang.<\/p>\n\n\n\n<p><strong>\u00d6kologie<\/strong><br>Das Geb\u00e4ude wird im Minergie-Standard erstellt und<br>zertifiziert.<\/p>\n\n\n\n<p><strong>Aussenanlage<\/strong><br>Sorgf\u00e4ltig gestaltete Umgebung mit begr\u00fcnten Fl\u00e4chen, Gehwegen und Fahrradabstellm\u00f6glichkeiten. Heimische Pflanzen, Str\u00e4ucher und B\u00e4ume schaffen eine nat\u00fcrliche Atmosph\u00e4re. Zugangswege und Pl\u00e4tze gem\u00e4ss bewilligtem Plan mit Asphalt, Verbundsteinen oder Gehwegplatten. Besucherparkpl\u00e4tze sowie ein zus\u00e4tzlicher Parkplatz f\u00fcr Menschen mit eingeschr\u00e4nkter Mobilit\u00e4t nahe dem Hauseingang vorhanden.<\/p>\n\n\n\n<p><strong>Hauseingang<\/strong><br>\u00dcberdachter Eingangsbereich f\u00fcr trockenen Zugang zu Briefk\u00e4sten. B\u00f6den aus hochwertigen keramischen Platten, W\u00e4nde mit fein gearbeitetem mineralischem Abrieb und Betondecken in strahlendem Weiss schaffen eine klare, einladende Atmosph\u00e4re.<\/p>\n\n\n\n<p><strong>Treppenhaus<\/strong><br>Ausgestattet mit keramischen Platten und passendem Sockel. W\u00e4nde aus Beton mit mineralischem Abrieb, Decken in Weiss. Staketengel\u00e4nder mit einbrennlackiertem Handlauf, Farbton gem\u00e4ss Farbkonzept.<\/p>\n\n\n\n<p><strong>Personenaufzug<\/strong><br>Rollstuhlg\u00e4ngiger Personenaufzug mit automatischen Kabinen- und Schachtt\u00fcren aus Edelstahl. Energieeffizienter Elektroantrieb mit Notfall- und Alarmsteuerung. Kabine mit Spiegel, Handlauf, Edelstahldecke und integrierten LED-Einbauleuchten, gem\u00e4ss Vorgaben des Liftherstellers.<\/p>\n\n\n\n<p><strong>L\u00fcftungsraum \/ Trockenraum<\/strong><br>Im Untergeschoss befindet sich ein heller, gut bel\u00fcfteter Trockenraum mit Waschbecken und keramischem Boden. Ausreichend Platz zum komfortablen und effizienten Trocknen von Textilien.<\/p>\n\n\n\n<p><strong>Baureinigungen<\/strong><br>Besenreine Baureinigung des Neubaus ist im Schl\u00fcsselfertigpreis enthalten.<\/p>\n<\/div>\n<\/div>\n\n\n\n<div style=\"height:46px\" aria-hidden=\"true\" class=\"wp-block-spacer\"><\/div>\n","protected":false},"excerpt":{"rendered":"<p>Bauherr ecodesign ag, ecodesign construct ag, UttwilMassgebend f\u00fcr die Ausf\u00fchrung ist der detaillierte Bau- und Leistungsbeschrieb. Die vorliegenden Angaben dienen der unverbindlichen Information. BezugHerbst\/Winter 2027 Wohn\u00fcberbauung1 Mehrfamilienhaus mit 6 Eigentumswohnungen sowie einer gemeinsamen Tiefgarage. RohbauMassive Bauweise mit Betondecken und Backsteinw\u00e4nden. Erdbebensichere Tragkonstruktion gem\u00e4ss SIA-Norm 261. Bodenplatten und erdber\u00fchrte Aussenw\u00e4nde aus wasserdichtem Beton. Treppenhaus- und Wohnungstrennw\u00e4nde [&hellip;]<\/p>\n","protected":false},"author":1,"featured_media":0,"parent":0,"menu_order":0,"comment_status":"closed","ping_status":"closed","template":"","meta":{"footnotes":""},"class_list":["post-369","page","type-page","status-publish","hentry"],"_links":{"self":[{"href":"https:\/\/ecodesign-ag.ch\/ecodesign\/wordpress\/index.php?rest_route=\/wp\/v2\/pages\/369","targetHints":{"allow":["GET"]}}],"collection":[{"href":"https:\/\/ecodesign-ag.ch\/ecodesign\/wordpress\/index.php?rest_route=\/wp\/v2\/pages"}],"about":[{"href":"https:\/\/ecodesign-ag.ch\/ecodesign\/wordpress\/index.php?rest_route=\/wp\/v2\/types\/page"}],"author":[{"embeddable":true,"href":"https:\/\/ecodesign-ag.ch\/ecodesign\/wordpress\/index.php?rest_route=\/wp\/v2\/users\/1"}],"replies":[{"embeddable":true,"href":"https:\/\/ecodesign-ag.ch\/ecodesign\/wordpress\/index.php?rest_route=%2Fwp%2Fv2%2Fcomments&post=369"}],"version-history":[{"count":27,"href":"https:\/\/ecodesign-ag.ch\/ecodesign\/wordpress\/index.php?rest_route=\/wp\/v2\/pages\/369\/revisions"}],"predecessor-version":[{"id":841,"href":"https:\/\/ecodesign-ag.ch\/ecodesign\/wordpress\/index.php?rest_route=\/wp\/v2\/pages\/369\/revisions\/841"}],"wp:attachment":[{"href":"https:\/\/ecodesign-ag.ch\/ecodesign\/wordpress\/index.php?rest_route=%2Fwp%2Fv2%2Fmedia&parent=369"}],"curies":[{"name":"wp","href":"https:\/\/api.w.org\/{rel}","templated":true}]}}