{"id":46,"date":"2025-08-30T21:19:10","date_gmt":"2025-08-30T19:19:10","guid":{"rendered":"https:\/\/ecodesign-ag.ch\/ecodesign\/wordpress\/?page_id=46"},"modified":"2025-12-05T20:58:17","modified_gmt":"2025-12-05T19:58:17","slug":"kontakt","status":"publish","type":"page","link":"https:\/\/ecodesign-ag.ch\/ecodesign\/wordpress\/?page_id=46","title":{"rendered":"Kontakt"},"content":{"rendered":"\n<div class=\"wp-block-group alignwide is-vertical is-content-justification-center is-layout-flex wp-container-core-group-is-layout-a9f24d06 wp-block-group-is-layout-flex\" style=\"padding-top:0;padding-right:0;padding-bottom:0;padding-left:0\">\n<h2 class=\"wp-block-heading has-text-align-center\">Ihr zuk\u00fcnftiges Zuhause \u2013 wir beraten Sie gerne!<\/h2>\n\n\n\n<p class=\"has-text-align-center\">Unser aktuelles Bauprojekt &#171;Seegl\u00fcck&#187; in Romanshorn entsteht gerade und bietet Ihnen schon jetzt die M\u00f6glichkeit, sich umfassend zu informieren.<\/p>\n\n\n\n<p class=\"has-text-align-center\">Ob Details zu Wohnungen, Grundrissen, Lage oder Ausstattung \u2013 wir stehen Ihnen f\u00fcr alle Fragen zur Verf\u00fcgung. Wir beraten Sie individuell und unverbindlich, damit Sie fr\u00fchzeitig die perfekte Wohnung f\u00fcr Ihre Bed\u00fcrfnisse ausw\u00e4hlen k\u00f6nnen. Gerne vereinbaren wir auch einen Termin, damit wir uns pers\u00f6nlich kennenlernen k\u00f6nnen.<br><br>Gerne stehen wir Ihnen auch f\u00fcr Anfragen zu weiteren Dienstleistungen aus unserem Portfolio zur Verf\u00fcgung.<\/p>\n<\/div>\n\n\n\n<div class=\"wp-block-group alignfull has-global-padding is-content-justification-center is-layout-constrained wp-container-core-group-is-layout-733701de wp-block-group-is-layout-constrained\" style=\"margin-top:0;margin-bottom:0;padding-top:var(--wp--preset--spacing--50);padding-right:var(--wp--preset--spacing--50);padding-bottom:var(--wp--preset--spacing--50);padding-left:var(--wp--preset--spacing--50)\">\n<div class=\"wp-block-group alignwide has-base-2-background-color has-background has-global-padding is-layout-constrained wp-container-core-group-is-layout-39412042 wp-block-group-is-layout-constrained\" style=\"border-radius:16px;padding-top:var(--wp--preset--spacing--40);padding-right:var(--wp--preset--spacing--50);padding-bottom:var(--wp--preset--spacing--40);padding-left:var(--wp--preset--spacing--50)\">\n<figure class=\"wp-block-image aligncenter is-resized\"><img loading=\"lazy\" decoding=\"async\" width=\"256\" height=\"256\" src=\"https:\/\/ecodesign-ag.ch\/ecodesign\/wordpress\/wp-content\/uploads\/2025\/09\/News-paper-01-WF.png\" alt=\"\" class=\"wp-image-197\" style=\"width:62px;height:auto\"\/><\/figure>\n\n\n\n<h2 class=\"wp-block-heading has-text-align-center has-x-large-font-size\">Unterlagen f\u00fcr Bauprojekt &#171;Seegl\u00fcck&#187; in Romanshorn anfordern<\/h2>\n\n\n\n<p class=\"has-text-align-center\">Gerne senden wir Ihnen die Unterlagen zu. Hierf\u00fcr bitten wir Sie, uns eine E-Mail zu senden.<\/p>\n\n\n<style id=\"wpforms-css-vars-285-block-6f177eb6-4c44-4392-af66-8a2e0c2ceec1\">\n\t\t\t\t#wpforms-285.wpforms-block-6f177eb6-4c44-4392-af66-8a2e0c2ceec1 {\n\t\t\t\t--wpforms-field-background-color: #EBEBEF;\n--wpforms-button-background-color: #37505d;\n--wpforms-field-size-input-height: 31px;\n--wpforms-field-size-input-spacing: 10px;\n--wpforms-field-size-font-size: 14px;\n--wpforms-field-size-line-height: 17px;\n--wpforms-field-size-padding-h: 9px;\n--wpforms-field-size-checkbox-size: 14px;\n--wpforms-field-size-sublabel-spacing: 5px;\n--wpforms-field-size-icon-size: 0.75;\n--wpforms-button-size-font-size: 20px;\n--wpforms-button-size-height: 48px;\n--wpforms-button-size-padding-h: 20px;\n--wpforms-button-size-margin-top: 15px;\n\t\t\t}\n\t\t\t<\/style><div class=\"wpforms-container wpforms-container-full wpforms-block wpforms-block-6f177eb6-4c44-4392-af66-8a2e0c2ceec1 div classwp-block-button__link wp-element-buttondiv wpforms-render-modern\" id=\"wpforms-285\"><form id=\"wpforms-form-285\" class=\"wpforms-validate wpforms-form wpforms-ajax-form\" data-formid=\"285\" method=\"post\" enctype=\"multipart\/form-data\" action=\"\/ecodesign\/wordpress\/index.php?rest_route=%2Fwp%2Fv2%2Fpages%2F46\" data-token=\"f696db54d00e80c748176f3ed441e23f\" data-token-time=\"1776519942\"><noscript class=\"wpforms-error-noscript\">Bitte aktiviere JavaScript in deinem Browser, um dieses Formular fertigzustellen.<\/noscript><div id=\"wpforms-error-noscript\" style=\"display: none;\">Bitte aktiviere JavaScript in deinem Browser, um dieses Formular fertigzustellen.<\/div><div class=\"wpforms-field-container\"><div id=\"wpforms-285-field_1-container\" class=\"wpforms-field wpforms-field-name\" data-field-id=\"1\"><fieldset><legend class=\"wpforms-field-label\">Name <span class=\"wpforms-required-label\" aria-hidden=\"true\">*<\/span><\/legend><div class=\"wpforms-field-row wpforms-field-large\"><div class=\"wpforms-field-row-block wpforms-first wpforms-one-half\"><input type=\"text\" id=\"wpforms-285-field_1\" class=\"wpforms-field-name-first wpforms-field-required\" name=\"wpforms[fields][1][first]\" aria-errormessage=\"wpforms-285-field_1-error\" required><label for=\"wpforms-285-field_1\" class=\"wpforms-field-sublabel after\">Vorname<\/label><\/div><div class=\"wpforms-field-row-block wpforms-one-half\"><input type=\"text\" id=\"wpforms-285-field_1-last\" class=\"wpforms-field-name-last wpforms-field-required\" name=\"wpforms[fields][1][last]\" aria-errormessage=\"wpforms-285-field_1-last-error\" required><label for=\"wpforms-285-field_1-last\" class=\"wpforms-field-sublabel after\">Nachname<\/label><\/div><\/div><\/fieldset><\/div><div id=\"wpforms-285-field_2-container\" class=\"wpforms-field wpforms-field-email\" data-field-id=\"2\"><label class=\"wpforms-field-label\" for=\"wpforms-285-field_2\">E-Mail <span class=\"wpforms-required-label\" aria-hidden=\"true\">*<\/span><\/label><input type=\"email\" id=\"wpforms-285-field_2\" class=\"wpforms-field-large wpforms-field-required\" name=\"wpforms[fields][2]\" spellcheck=\"false\" aria-errormessage=\"wpforms-285-field_2-error\" required><\/div><div id=\"wpforms-285-field_4-container\" class=\"wpforms-field wpforms-field-text\" data-field-id=\"4\"><label class=\"wpforms-field-label\" for=\"wpforms-285-field_4\">Telefon <span class=\"wpforms-required-label\" aria-hidden=\"true\">*<\/span><\/label><input type=\"text\" id=\"wpforms-285-field_4\" class=\"wpforms-field-large wpforms-field-required\" name=\"wpforms[fields][4]\" placeholder=\"+41 \" aria-errormessage=\"wpforms-285-field_4-error\" required><\/div><div id=\"wpforms-285-field_8-container\" class=\"wpforms-field wpforms-field-checkbox wpforms-list-3-columns\" data-field-id=\"8\"><fieldset><legend class=\"wpforms-field-label\">Interesse<\/legend><ul id=\"wpforms-285-field_8\"><li class=\"choice-2 depth-1\"><input type=\"checkbox\" id=\"wpforms-285-field_8_2\" name=\"wpforms[fields][8][]\" value=\"EG 3.5er\" aria-errormessage=\"wpforms-285-field_8_2-error\"  ><label class=\"wpforms-field-label-inline\" for=\"wpforms-285-field_8_2\">EG 3.5er<\/label><\/li><li class=\"choice-4 depth-1\"><input type=\"checkbox\" id=\"wpforms-285-field_8_4\" name=\"wpforms[fields][8][]\" value=\"OG 3.5er\" aria-errormessage=\"wpforms-285-field_8_4-error\"  ><label class=\"wpforms-field-label-inline\" for=\"wpforms-285-field_8_4\">OG 3.5er<\/label><\/li><li class=\"choice-6 depth-1\"><input type=\"checkbox\" id=\"wpforms-285-field_8_6\" name=\"wpforms[fields][8][]\" value=\"Attika 3.5er (Ost)\" aria-errormessage=\"wpforms-285-field_8_6-error\"  ><label class=\"wpforms-field-label-inline\" for=\"wpforms-285-field_8_6\">Attika 3.5er (Ost)<\/label><\/li><li class=\"choice-1 depth-1\"><input type=\"checkbox\" id=\"wpforms-285-field_8_1\" name=\"wpforms[fields][8][]\" value=\"EG 4.5er\" aria-errormessage=\"wpforms-285-field_8_1-error\"  ><label class=\"wpforms-field-label-inline\" for=\"wpforms-285-field_8_1\">EG 4.5er<\/label><\/li><li class=\"choice-3 depth-1\"><input type=\"checkbox\" id=\"wpforms-285-field_8_3\" name=\"wpforms[fields][8][]\" value=\"OG 4.5er\" aria-errormessage=\"wpforms-285-field_8_3-error\"  ><label class=\"wpforms-field-label-inline\" for=\"wpforms-285-field_8_3\">OG 4.5er<\/label><\/li><li class=\"choice-5 depth-1\"><input type=\"checkbox\" id=\"wpforms-285-field_8_5\" name=\"wpforms[fields][8][]\" value=\"Attika 3.5er (West)\" aria-errormessage=\"wpforms-285-field_8_5-error\"  ><label class=\"wpforms-field-label-inline\" for=\"wpforms-285-field_8_5\">Attika 3.5er (West)<\/label><\/li><\/ul><\/fieldset><\/div>\t\t<div id=\"wpforms-285-field_3-container\"\n\t\t\tclass=\"wpforms-field wpforms-field-text\"\n\t\t\tdata-field-type=\"text\"\n\t\t\tdata-field-id=\"3\"\n\t\t\t>\n\t\t\t<label class=\"wpforms-field-label\" for=\"wpforms-285-field_3\" >Name Datenschutzerkl\u00e4rung Telefon<\/label>\n\t\t\t<input type=\"text\" id=\"wpforms-285-field_3\" class=\"wpforms-field-medium\" name=\"wpforms[fields][3]\" >\n\t\t<\/div>\n\t\t<div id=\"wpforms-285-field_7-container\" class=\"wpforms-field wpforms-field-textarea\" data-field-id=\"7\"><label class=\"wpforms-field-label\" for=\"wpforms-285-field_7\">Bemerkungen<\/label><textarea id=\"wpforms-285-field_7\" class=\"wpforms-field-medium\" name=\"wpforms[fields][7]\" aria-errormessage=\"wpforms-285-field_7-error\" ><\/textarea><\/div><div id=\"wpforms-285-field_10-container\" class=\"wpforms-field wpforms-field-gdpr-checkbox\" data-field-id=\"10\"><label class=\"wpforms-field-label\">Datenschutzerkl\u00e4rung <span class=\"wpforms-required-label\" aria-hidden=\"true\">*<\/span><\/label><ul id=\"wpforms-285-field_10\" class=\"wpforms-field-required\"><li class=\"choice-1\"><input type=\"checkbox\" id=\"wpforms-285-field_10_1\" name=\"wpforms[fields][10][]\" value=\"Ich habe die &lt;a href=&quot;https:\/\/ecodesign-ag.ch\/ecodesign\/wordpress\/?page_id=3&quot; target=&quot;_blank&quot;&gt;Datenschutzerkl\u00e4rung&lt;\/a&gt; gelesen und akzeptiere sie hiermit.\" aria-errormessage=\"wpforms-285-field_10_1-error\" required ><label class=\"wpforms-field-label-inline\" for=\"wpforms-285-field_10_1\">Ich habe die <a href=\"https:\/\/ecodesign-ag.ch\/ecodesign\/wordpress\/?page_id=3\" target=\"_blank\">Datenschutzerkl\u00e4rung<\/a> gelesen und akzeptiere sie hiermit.<\/label><\/li><\/ul><\/div><script>\n\t\t\t\t( function() {\n\t\t\t\t\tconst style = document.createElement( 'style' );\n\t\t\t\t\tstyle.appendChild( document.createTextNode( '#wpforms-285-field_3-container { position: absolute !important; overflow: hidden !important; display: inline !important; height: 1px !important; width: 1px !important; z-index: -1000 !important; padding: 0 !important; } #wpforms-285-field_3-container input { visibility: hidden; } #wpforms-conversational-form-page #wpforms-285-field_3-container label { counter-increment: none; }' ) );\n\t\t\t\t\tdocument.head.appendChild( style );\n\t\t\t\t\tdocument.currentScript?.remove();\n\t\t\t\t} )();\n\t\t\t<\/script><\/div><!-- .wpforms-field-container --><div class=\"wpforms-submit-container\" ><input type=\"hidden\" name=\"wpforms[id]\" value=\"285\"><input type=\"hidden\" name=\"page_title\" value=\"\"><input type=\"hidden\" name=\"page_url\" value=\"https:\/\/ecodesign-ag.ch\/ecodesign\/wordpress\/index.php?rest_route=\/wp\/v2\/pages\/46\"><input type=\"hidden\" name=\"url_referer\" value=\"\"><button type=\"submit\" name=\"wpforms[submit]\" id=\"wpforms-submit-285\" class=\"wpforms-submit\" data-alt-text=\"Senden\u2026\" data-submit-text=\"Absenden\" aria-live=\"assertive\" value=\"wpforms-submit\">Absenden<\/button><img loading=\"lazy\" decoding=\"async\" src=\"https:\/\/ecodesign-ag.ch\/ecodesign\/wordpress\/wp-content\/plugins\/wpforms-lite\/assets\/images\/submit-spin.svg\" class=\"wpforms-submit-spinner\" style=\"display: none;\" width=\"26\" height=\"26\" alt=\"Wird geladen\"><\/div><\/form><\/div>  <!-- .wpforms-container --><\/div>\n<\/div>\n\n\n\n<div class=\"wp-block-group is-vertical is-content-justification-center is-layout-flex wp-container-core-group-is-layout-ce155fab wp-block-group-is-layout-flex\">\n<h2 class=\"wp-block-heading has-text-align-center has-xx-large-font-size\">Lernen Sie die Beteiligten kennen<\/h2>\n\n\n\n<p class=\"has-text-align-center\"><\/p>\n<\/div>\n\n\n\n<div class=\"wp-block-columns alignwide is-layout-flex wp-container-core-columns-is-layout-316253c4 wp-block-columns-is-layout-flex\" style=\"padding-top:0;padding-right:var(--wp--preset--spacing--50);padding-bottom:0;padding-left:var(--wp--preset--spacing--50)\">\n<div class=\"wp-block-column is-layout-flow wp-block-column-is-layout-flow\">\n<figure class=\"wp-block-image aligncenter size-full is-resized has-custom-border is-style-rounded is-style-rounded--1\" style=\"margin-top:0;margin-bottom:0\"><img loading=\"lazy\" decoding=\"async\" width=\"469\" height=\"601\" src=\"https:\/\/ecodesign-ag.ch\/ecodesign\/wordpress\/wp-content\/uploads\/2025\/10\/Edith_469x601.jpeg\" alt=\"\" class=\"wp-image-435\" style=\"border-top-left-radius:100px;border-top-right-radius:100px;border-bottom-left-radius:100px;border-bottom-right-radius:100px;aspect-ratio:1;object-fit:cover;width:180px\" srcset=\"https:\/\/ecodesign-ag.ch\/ecodesign\/wordpress\/wp-content\/uploads\/2025\/10\/Edith_469x601.jpeg 469w, https:\/\/ecodesign-ag.ch\/ecodesign\/wordpress\/wp-content\/uploads\/2025\/10\/Edith_469x601-234x300.jpeg 234w\" sizes=\"auto, (max-width: 469px) 100vw, 469px\" \/><\/figure>\n\n\n\n<div class=\"wp-block-group is-vertical is-content-justification-center is-nowrap is-layout-flex wp-container-core-group-is-layout-21d4e958 wp-block-group-is-layout-flex\">\n<p class=\"has-text-align-center has-small-font-size\"><strong>Edith Br\u00e4ndle<\/strong><\/p>\n\n\n\n<p class=\"has-text-align-center has-small-font-size\">Die kreative Pers\u00f6nlichkeit<\/p>\n<\/div>\n<\/div>\n\n\n\n<div class=\"wp-block-column is-layout-flow wp-block-column-is-layout-flow\">\n<figure class=\"wp-block-image aligncenter size-full is-resized has-custom-border is-style-rounded is-style-rounded--2\"><img loading=\"lazy\" decoding=\"async\" width=\"489\" height=\"601\" src=\"https:\/\/ecodesign-ag.ch\/ecodesign\/wordpress\/wp-content\/uploads\/2025\/10\/Walterund_469x601.jpeg\" alt=\"\" class=\"wp-image-436\" style=\"border-top-left-radius:100px;border-top-right-radius:100px;border-bottom-left-radius:100px;border-bottom-right-radius:100px;aspect-ratio:1;object-fit:cover;width:180px\" srcset=\"https:\/\/ecodesign-ag.ch\/ecodesign\/wordpress\/wp-content\/uploads\/2025\/10\/Walterund_469x601.jpeg 489w, https:\/\/ecodesign-ag.ch\/ecodesign\/wordpress\/wp-content\/uploads\/2025\/10\/Walterund_469x601-244x300.jpeg 244w\" sizes=\"auto, (max-width: 489px) 100vw, 489px\" \/><\/figure>\n\n\n\n<div class=\"wp-block-group is-vertical is-content-justification-center is-nowrap is-layout-flex wp-container-core-group-is-layout-21d4e958 wp-block-group-is-layout-flex\">\n<p class=\"has-text-align-center has-small-font-size\"><strong>Walter Br\u00e4ndle<\/strong><\/p>\n\n\n\n<p class=\"has-text-align-center has-small-font-size\">Der Strukturierte <\/p>\n<\/div>\n<\/div>\n<\/div>\n\n\n\n<p><\/p>\n","protected":false},"excerpt":{"rendered":"<p>Ihr zuk\u00fcnftiges Zuhause \u2013 wir beraten Sie gerne! Unser aktuelles Bauprojekt &#171;Seegl\u00fcck&#187; in Romanshorn entsteht gerade und bietet Ihnen schon jetzt die M\u00f6glichkeit, sich umfassend zu informieren. Ob Details zu Wohnungen, Grundrissen, Lage oder Ausstattung \u2013 wir stehen Ihnen f\u00fcr alle Fragen zur Verf\u00fcgung. Wir beraten Sie individuell und unverbindlich, damit Sie fr\u00fchzeitig die perfekte [&hellip;]<\/p>\n","protected":false},"author":1,"featured_media":0,"parent":0,"menu_order":0,"comment_status":"closed","ping_status":"closed","template":"","meta":{"footnotes":""},"class_list":["post-46","page","type-page","status-publish","hentry"],"_links":{"self":[{"href":"https:\/\/ecodesign-ag.ch\/ecodesign\/wordpress\/index.php?rest_route=\/wp\/v2\/pages\/46","targetHints":{"allow":["GET"]}}],"collection":[{"href":"https:\/\/ecodesign-ag.ch\/ecodesign\/wordpress\/index.php?rest_route=\/wp\/v2\/pages"}],"about":[{"href":"https:\/\/ecodesign-ag.ch\/ecodesign\/wordpress\/index.php?rest_route=\/wp\/v2\/types\/page"}],"author":[{"embeddable":true,"href":"https:\/\/ecodesign-ag.ch\/ecodesign\/wordpress\/index.php?rest_route=\/wp\/v2\/users\/1"}],"replies":[{"embeddable":true,"href":"https:\/\/ecodesign-ag.ch\/ecodesign\/wordpress\/index.php?rest_route=%2Fwp%2Fv2%2Fcomments&post=46"}],"version-history":[{"count":42,"href":"https:\/\/ecodesign-ag.ch\/ecodesign\/wordpress\/index.php?rest_route=\/wp\/v2\/pages\/46\/revisions"}],"predecessor-version":[{"id":954,"href":"https:\/\/ecodesign-ag.ch\/ecodesign\/wordpress\/index.php?rest_route=\/wp\/v2\/pages\/46\/revisions\/954"}],"wp:attachment":[{"href":"https:\/\/ecodesign-ag.ch\/ecodesign\/wordpress\/index.php?rest_route=%2Fwp%2Fv2%2Fmedia&parent=46"}],"curies":[{"name":"wp","href":"https:\/\/api.w.org\/{rel}","templated":true}]}}